{"id":169,"date":"2018-10-27T14:38:53","date_gmt":"2018-10-27T12:38:53","guid":{"rendered":"http:\/\/www.kompliz.ch\/?page_id=169"},"modified":"2018-10-27T23:49:44","modified_gmt":"2018-10-27T21:49:44","slug":"ein-startseiten-abschnitt","status":"publish","type":"page","link":"https:\/\/www.kompliz.ch\/index.php\/ein-startseiten-abschnitt\/","title":{"rendered":"Catering"},"content":{"rendered":"<p>Gerne bekoche ich dich und deine Lieben zu deinem Speziellen Anlass.<br \/>\nTeilt mir mit was ihr euch vorstellt oder fragt nach massgeschneiderten Vorschl\u00e4gen von mir! Vom Piraten Kindergeburtstag, \u00fcber Mexiko-Buffets, Thai-Buffets, diversen Aperos, bis zur Japanischen Hochzeiten durfte ich schon alles durchf\u00fchren.<\/p>\n<p>&nbsp;<\/p>\n","protected":false},"excerpt":{"rendered":"<p>Gerne bekoche ich dich und deine Lieben zu deinem Speziellen Anlass. Teilt mir mit was ihr euch vorstellt oder fragt nach massgeschneiderten Vorschl\u00e4gen von mir! Vom Piraten Kindergeburtstag, \u00fcber Mexiko-Buffets, Thai-Buffets, diversen Aperos, bis zur Japanischen Hochzeiten durfte ich schon alles durchf\u00fchren. &nbsp;<\/p>\n","protected":false},"author":1,"featured_media":250,"parent":0,"menu_order":0,"comment_status":"closed","ping_status":"closed","template":"","meta":{"footnotes":""},"class_list":["post-169","page","type-page","status-publish","has-post-thumbnail","hentry"],"_links":{"self":[{"href":"https:\/\/www.kompliz.ch\/index.php\/wp-json\/wp\/v2\/pages\/169","targetHints":{"allow":["GET"]}}],"collection":[{"href":"https:\/\/www.kompliz.ch\/index.php\/wp-json\/wp\/v2\/pages"}],"about":[{"href":"https:\/\/www.kompliz.ch\/index.php\/wp-json\/wp\/v2\/types\/page"}],"author":[{"embeddable":true,"href":"https:\/\/www.kompliz.ch\/index.php\/wp-json\/wp\/v2\/users\/1"}],"replies":[{"embeddable":true,"href":"https:\/\/www.kompliz.ch\/index.php\/wp-json\/wp\/v2\/comments?post=169"}],"version-history":[{"count":3,"href":"https:\/\/www.kompliz.ch\/index.php\/wp-json\/wp\/v2\/pages\/169\/revisions"}],"predecessor-version":[{"id":210,"href":"https:\/\/www.kompliz.ch\/index.php\/wp-json\/wp\/v2\/pages\/169\/revisions\/210"}],"wp:featuredmedia":[{"embeddable":true,"href":"https:\/\/www.kompliz.ch\/index.php\/wp-json\/wp\/v2\/media\/250"}],"wp:attachment":[{"href":"https:\/\/www.kompliz.ch\/index.php\/wp-json\/wp\/v2\/media?parent=169"}],"curies":[{"name":"wp","href":"https:\/\/api.w.org\/{rel}","templated":true}]}}