{"id":213,"date":"2018-10-27T16:31:27","date_gmt":"2018-10-27T14:31:27","guid":{"rendered":"http:\/\/www.kompliz.ch\/?page_id=213"},"modified":"2018-10-28T01:17:09","modified_gmt":"2018-10-27T23:17:09","slug":"schmuck","status":"publish","type":"page","link":"https:\/\/www.kompliz.ch\/index.php\/schmuck\/","title":{"rendered":"Schmuck"},"content":{"rendered":"<p>Mit viel Liebe und Geduld von mir von Hand gefertigte Anh\u00e4nger<\/p>\n<p>Die Technik nennt man Wire Wrapping. Mit Kupferdraht oder versilbertem Kupferdrat zaubere ich Halterungen f\u00fcr sogenannte Cabochons, Shiva eyes oder Donuts. Die Arbeitszeiten die ich ben\u00f6tige f\u00fcr einen Anh\u00e4nger variieren von 2 Arbeitstagen bis \u00fcber eine Woche.<\/p>\n<p><img loading=\"lazy\" decoding=\"async\" class=\"alignnone size-medium wp-image-226\" src=\"http:\/\/www.kompliz.ch\/wp-content\/uploads\/2018\/10\/IMG_3431-e1540652028100-225x300.jpg\" alt=\"\" width=\"225\" height=\"300\" srcset=\"https:\/\/www.kompliz.ch\/wp-content\/uploads\/2018\/10\/IMG_3431-e1540652028100-225x300.jpg 225w, https:\/\/www.kompliz.ch\/wp-content\/uploads\/2018\/10\/IMG_3431-e1540652028100-768x1024.jpg 768w\" sizes=\"auto, (max-width: 225px) 100vw, 225px\" \/><img loading=\"lazy\" decoding=\"async\" class=\"alignnone size-medium wp-image-227\" src=\"http:\/\/www.kompliz.ch\/wp-content\/uploads\/2018\/10\/IMG_3432-e1540652053228-225x300.jpg\" alt=\"\" width=\"225\" height=\"300\" srcset=\"https:\/\/www.kompliz.ch\/wp-content\/uploads\/2018\/10\/IMG_3432-e1540652053228-225x300.jpg 225w, https:\/\/www.kompliz.ch\/wp-content\/uploads\/2018\/10\/IMG_3432-e1540652053228-768x1024.jpg 768w\" sizes=\"auto, (max-width: 225px) 100vw, 225px\" \/>\u00a0\u00a0<img loading=\"lazy\" decoding=\"async\" class=\"alignnone size-medium wp-image-228\" src=\"http:\/\/www.kompliz.ch\/wp-content\/uploads\/2018\/10\/IMG_3440-e1540652068133-225x300.jpg\" alt=\"\" width=\"225\" height=\"300\" srcset=\"https:\/\/www.kompliz.ch\/wp-content\/uploads\/2018\/10\/IMG_3440-e1540652068133-225x300.jpg 225w, https:\/\/www.kompliz.ch\/wp-content\/uploads\/2018\/10\/IMG_3440-e1540652068133-768x1024.jpg 768w\" sizes=\"auto, (max-width: 225px) 100vw, 225px\" \/><img loading=\"lazy\" decoding=\"async\" class=\"alignnone size-medium wp-image-229\" src=\"http:\/\/www.kompliz.ch\/wp-content\/uploads\/2018\/10\/IMG_3439-e1540652078941-225x300.jpg\" alt=\"\" width=\"225\" height=\"300\" srcset=\"https:\/\/www.kompliz.ch\/wp-content\/uploads\/2018\/10\/IMG_3439-e1540652078941-225x300.jpg 225w, https:\/\/www.kompliz.ch\/wp-content\/uploads\/2018\/10\/IMG_3439-e1540652078941-768x1024.jpg 768w\" sizes=\"auto, (max-width: 225px) 100vw, 225px\" \/>\u00a0\u00a0<img loading=\"lazy\" decoding=\"async\" class=\"alignnone size-medium wp-image-231\" src=\"http:\/\/www.kompliz.ch\/wp-content\/uploads\/2018\/10\/IMG_3436-e1540651974821-225x300.jpg\" alt=\"\" width=\"225\" height=\"300\" srcset=\"https:\/\/www.kompliz.ch\/wp-content\/uploads\/2018\/10\/IMG_3436-e1540651974821-225x300.jpg 225w, https:\/\/www.kompliz.ch\/wp-content\/uploads\/2018\/10\/IMG_3436-e1540651974821-768x1024.jpg 768w\" sizes=\"auto, (max-width: 225px) 100vw, 225px\" \/><img loading=\"lazy\" decoding=\"async\" class=\"alignnone size-medium wp-image-230\" src=\"http:\/\/www.kompliz.ch\/wp-content\/uploads\/2018\/10\/IMG_3437-e1540651997250-225x300.jpg\" alt=\"\" width=\"225\" height=\"300\" srcset=\"https:\/\/www.kompliz.ch\/wp-content\/uploads\/2018\/10\/IMG_3437-e1540651997250-225x300.jpg 225w, https:\/\/www.kompliz.ch\/wp-content\/uploads\/2018\/10\/IMG_3437-e1540651997250-768x1024.jpg 768w\" sizes=\"auto, (max-width: 225px) 100vw, 225px\" \/><img loading=\"lazy\" decoding=\"async\" class=\"alignnone size-medium wp-image-235\" src=\"http:\/\/www.kompliz.ch\/wp-content\/uploads\/2018\/10\/IMG_3440-1-e1540652380309-225x300.jpg\" alt=\"\" width=\"225\" height=\"300\" srcset=\"https:\/\/www.kompliz.ch\/wp-content\/uploads\/2018\/10\/IMG_3440-1-e1540652380309-225x300.jpg 225w, https:\/\/www.kompliz.ch\/wp-content\/uploads\/2018\/10\/IMG_3440-1-e1540652380309-768x1024.jpg 768w\" sizes=\"auto, (max-width: 225px) 100vw, 225px\" \/><img loading=\"lazy\" decoding=\"async\" class=\"alignnone size-medium wp-image-236\" src=\"http:\/\/www.kompliz.ch\/wp-content\/uploads\/2018\/10\/IMG_3442-e1540652388819-225x300.jpg\" alt=\"\" width=\"225\" height=\"300\" srcset=\"https:\/\/www.kompliz.ch\/wp-content\/uploads\/2018\/10\/IMG_3442-e1540652388819-225x300.jpg 225w, https:\/\/www.kompliz.ch\/wp-content\/uploads\/2018\/10\/IMG_3442-e1540652388819-768x1024.jpg 768w\" sizes=\"auto, (max-width: 225px) 100vw, 225px\" \/><img loading=\"lazy\" decoding=\"async\" class=\"alignnone size-medium wp-image-237\" src=\"http:\/\/www.kompliz.ch\/wp-content\/uploads\/2018\/10\/IMG_3015-e1540652400170-225x300.jpg\" alt=\"\" width=\"225\" height=\"300\" srcset=\"https:\/\/www.kompliz.ch\/wp-content\/uploads\/2018\/10\/IMG_3015-e1540652400170-225x300.jpg 225w, https:\/\/www.kompliz.ch\/wp-content\/uploads\/2018\/10\/IMG_3015-e1540652400170-768x1024.jpg 768w\" sizes=\"auto, (max-width: 225px) 100vw, 225px\" \/><img loading=\"lazy\" decoding=\"async\" class=\"alignnone size-medium wp-image-238\" src=\"http:\/\/www.kompliz.ch\/wp-content\/uploads\/2018\/10\/IMG_3016-e1540652421826-225x300.jpg\" alt=\"\" width=\"225\" height=\"300\" srcset=\"https:\/\/www.kompliz.ch\/wp-content\/uploads\/2018\/10\/IMG_3016-e1540652421826-225x300.jpg 225w, https:\/\/www.kompliz.ch\/wp-content\/uploads\/2018\/10\/IMG_3016-e1540652421826-768x1024.jpg 768w\" sizes=\"auto, (max-width: 225px) 100vw, 225px\" \/><\/p>\n","protected":false},"excerpt":{"rendered":"<p>Mit viel Liebe und Geduld von mir von Hand gefertigte Anh\u00e4nger Die Technik nennt man Wire Wrapping. Mit Kupferdraht oder versilbertem Kupferdrat zaubere ich Halterungen f\u00fcr sogenannte Cabochons, Shiva eyes oder Donuts. Die Arbeitszeiten die ich ben\u00f6tige f\u00fcr einen Anh\u00e4nger variieren von 2 Arbeitstagen bis \u00fcber eine Woche. \u00a0\u00a0\u00a0\u00a0<\/p>\n","protected":false},"author":1,"featured_media":253,"parent":0,"menu_order":0,"comment_status":"closed","ping_status":"closed","template":"","meta":{"footnotes":""},"class_list":["post-213","page","type-page","status-publish","has-post-thumbnail","hentry"],"_links":{"self":[{"href":"https:\/\/www.kompliz.ch\/index.php\/wp-json\/wp\/v2\/pages\/213","targetHints":{"allow":["GET"]}}],"collection":[{"href":"https:\/\/www.kompliz.ch\/index.php\/wp-json\/wp\/v2\/pages"}],"about":[{"href":"https:\/\/www.kompliz.ch\/index.php\/wp-json\/wp\/v2\/types\/page"}],"author":[{"embeddable":true,"href":"https:\/\/www.kompliz.ch\/index.php\/wp-json\/wp\/v2\/users\/1"}],"replies":[{"embeddable":true,"href":"https:\/\/www.kompliz.ch\/index.php\/wp-json\/wp\/v2\/comments?post=213"}],"version-history":[{"count":6,"href":"https:\/\/www.kompliz.ch\/index.php\/wp-json\/wp\/v2\/pages\/213\/revisions"}],"predecessor-version":[{"id":249,"href":"https:\/\/www.kompliz.ch\/index.php\/wp-json\/wp\/v2\/pages\/213\/revisions\/249"}],"wp:featuredmedia":[{"embeddable":true,"href":"https:\/\/www.kompliz.ch\/index.php\/wp-json\/wp\/v2\/media\/253"}],"wp:attachment":[{"href":"https:\/\/www.kompliz.ch\/index.php\/wp-json\/wp\/v2\/media?parent=213"}],"curies":[{"name":"wp","href":"https:\/\/api.w.org\/{rel}","templated":true}]}}